{"id":3,"date":"2021-12-31T13:28:43","date_gmt":"2021-12-31T13:28:43","guid":{"rendered":"http:\/\/buros-conseil.fr\/?page_id=3"},"modified":"2023-03-28T21:44:15","modified_gmt":"2023-03-28T21:44:15","slug":"privacy-policy","status":"publish","type":"page","link":"https:\/\/buros-conseil.fr\/index.php\/privacy-policy\/","title":{"rendered":"Mentions l\u00e9gales"},"content":{"rendered":"\t\t<div data-elementor-type=\"wp-page\" data-elementor-id=\"3\" class=\"elementor elementor-3\" data-elementor-settings=\"[]\">\n\t\t\t\t\t\t\t<div class=\"elementor-section-wrap\">\n\t\t\t\t\t\t\t<section class=\"elementor-section elementor-top-section elementor-element elementor-element-5f4c8f23 elementor-section-boxed elementor-section-height-default elementor-section-height-default\" data-id=\"5f4c8f23\" data-element_type=\"section\">\n\t\t\t\t\t\t<div class=\"elementor-container elementor-column-gap-default\">\n\t\t\t\t\t<div class=\"elementor-column elementor-col-100 elementor-top-column elementor-element elementor-element-59ea38e1\" data-id=\"59ea38e1\" data-element_type=\"column\">\n\t\t\t<div class=\"elementor-widget-wrap elementor-element-populated\">\n\t\t\t\t\t\t\t\t<div class=\"elementor-element elementor-element-6dbfa25e elementor-widget elementor-widget-text-editor\" data-id=\"6dbfa25e\" data-element_type=\"widget\" data-widget_type=\"text-editor.default\">\n\t\t\t\t<div class=\"elementor-widget-container\">\n\t\t\t<style>\/*! elementor - v3.5.3 - 28-12-2021 *\/\n.elementor-widget-text-editor.elementor-drop-cap-view-stacked .elementor-drop-cap{background-color:#818a91;color:#fff}.elementor-widget-text-editor.elementor-drop-cap-view-framed .elementor-drop-cap{color:#818a91;border:3px solid;background-color:transparent}.elementor-widget-text-editor:not(.elementor-drop-cap-view-default) .elementor-drop-cap{margin-top:8px}.elementor-widget-text-editor:not(.elementor-drop-cap-view-default) .elementor-drop-cap-letter{width:1em;height:1em}.elementor-widget-text-editor .elementor-drop-cap{float:left;text-align:center;line-height:1;font-size:50px}.elementor-widget-text-editor .elementor-drop-cap-letter{display:inline-block}<\/style>\t\t\t\t<p><!-- wp:heading --><\/p>\n<h2>Informations g\u00e9n\u00e9rales<\/h2>\n<p><!-- \/wp:heading --><\/p>\n<p><!-- wp:paragraph --><\/p>\n<p><strong>Mentions d&#8217;identification<\/strong><\/p>\n<p>Vous \u00eates actuellement connect\u00e9 au site web de l&#8217;entreprise BUROS CONSEIL (http:\/\/www.buros-conseil.fr).<\/p>\n<p>Pour toute remarque sur le fonctionnement du site, merci d&#8217;\u00e9crire au webmaster du site : <a style=\"background-color: #ffffff;\" href=\"mailto:ronan.buros@gmail.com\" target=\"_blank\" rel=\"noopener\"><u>ronan.buros@gmail.com<\/u><\/a>.<\/p>\n<p>Ce site a pour objet de fournir des informations sur les services propos\u00e9s par BUROS CONSEIL, les informations qui y figurent n\u2019ont aucun caract\u00e8re contractuel et ne sauraient engager la responsabilit\u00e9 de BUROS CONSEIL qui reste libre, \u00e0 tout moment, de modifier tout ou partie du contenu et des pr\u00e9sentations des pages de ce site.<\/p>\n<p><strong>Propri\u00e9taire<\/strong><\/p>\n<p>M. Ronan BUROS<\/p>\n<p>SIRET : 907 522 486 00014<\/p>\n<p>Si\u00e8ge social : Impasse Jacqueline Auriol 40130 CAPBRETON<\/p>\n<p>T\u00e9l : (+33) 6 31 06 27 18<\/p>\n<p><strong>Responsable de la publication<\/strong><\/p>\n<p>M. Ronan BUROS<\/p>\n<p><strong>Directeur de la publication<\/strong><\/p>\n<p>M. Ronan BUROS<\/p>\n<p><strong>H\u00e9bergeur<\/strong><\/p>\n<p>H\u00e9bergement du site et d\u00e9p\u00f4ts des noms de domaines aupr\u00e8s de Hostinger (sie\u0300ge social : HOSTINGER INTERNATIONAL LTD, 61 Lordou Vironos Street, 6023 Larnaca, Chypre)<\/p>\n<p><!-- \/wp:paragraph --><\/p>\n<p><!-- wp:heading --><\/p>\n<h2>Informations juridiques<\/h2>\n<p><span style=\"font-weight: 600; color: #4d4d4d;\">Conditions d&#8217;utilisation<\/span><\/p>\n<p>L\u2019utilisateur garantit qu\u2019il n\u2019utilisera pas ce site \u00e0 des fins illicites et s\u2019engage \u00e0 se conformer aux lois et r\u00e9glementations nationales et internationales en vigueur. L\u2019utilisateur sera seul responsable des dommages qu\u2019il causera \u00e0 BUROS CONSEIL ou \u00e0 des tiers, du fait d\u2019une utilisation non conforme du site. En cas de violation par l\u2019utilisateur de ses obligations, BUROS CONSEIL se r\u00e9serve le droit d\u2019agir en justice afin de faire cesser la violation en question et d\u2019obtenir des r\u00e9parations.<\/p>\n<p><span style=\"color: #4d4d4d; font-weight: 600;\">Droits d&#8217;auteur<\/span><\/p>\n<p>BUROS CONSEIL est propri\u00e9taire des droits de propri\u00e9t\u00e9 intellectuelle ou d\u00e9tient les droits d\u2019usage sur tous les \u00e9l\u00e9ments accessibles sur le site, notamment les textes, slogans, noms commerciaux, dessins, images, graphismes, logos, vid\u00e9os, sons, ainsi que toutes oeuvres int\u00e9gr\u00e9es dans le site.<\/p>\n<p>Toute reproduction, repr\u00e9sentation, modification, publication, adaptation de tout ou partie des \u00e9l\u00e9ments du site, quel que soit le moyen ou le proc\u00e9d\u00e9 utilis\u00e9, est interdite.<\/p>\n<p>Toute exploitation non autoris\u00e9e du site partielle ou totale sera consid\u00e9r\u00e9e comme constitutive d\u2019une contrefa\u00e7on et poursuivie conform\u00e9ment aux dispositions des articles L.335-2 et suivants du Code de Propri\u00e9t\u00e9 Intellectuelle.<\/p>\n<p><strong>Liens hypertextes et cookies<\/strong><\/p>\n<p>Le site peut contenir des liens hypertexte donnant acc\u00e8s \u00e0 d&#8217;autres sites web \u00e9dit\u00e9s et g\u00e9r\u00e9s par des tiers et non par l&#8217;Editeur. L&#8217;Editeur ne pourra \u00eatre tenu responsable directement ou indirectement dans le cas o\u00f9 lesdits sites tiers ne respecteraient pas les dispositions l\u00e9gales.<\/p>\n<p>La navigation sur le site&nbsp;est susceptible de provoquer l\u2019installation de cookie(s) sur l\u2019ordinateur de l\u2019utilisateur. Un cookie est un fichier de petite taille, qui ne permet pas l\u2019identification de l\u2019utilisateur, mais qui enregistre des informations relatives \u00e0 la navigation d\u2019un ordinateur sur un site. Les donn\u00e9es ainsi obtenues visent \u00e0 faciliter la navigation ult\u00e9rieure sur le site, et ont \u00e9galement vocation \u00e0 permettre diverses mesures de fr\u00e9quentation. Le refus d\u2019installation d\u2019un cookie peut entra\u00eener l\u2019impossibilit\u00e9 d\u2019acc\u00e9der \u00e0 certains services. L\u2019utilisateur peut toutefois configurer son ordinateur de la mani\u00e8re suivante, pour refuser l\u2019installation des cookies :<\/p>\n<p>Sous Internet Explorer : onglet outil (pictogramme en forme de rouage en haut a droite) \/ options internet. Cliquez sur Confidentialit\u00e9 et choisissez Bloquer tous les cookies. Validez sur Ok.<\/p>\n<p>Sous Firefox : en haut de la fen\u00eatre du navigateur, cliquez sur le bouton Firefox, puis aller dans l\u2019onglet Options. Cliquer sur l\u2019onglet Vie priv\u00e9e.<br>Param\u00e9trez les R\u00e8gles de conservation sur : utiliser les param\u00e8tres personnalis\u00e9s pour l\u2019historique. Enfin d\u00e9cochez-la pour d\u00e9sactiver les cookies.<\/p>\n<p>Sous Safari : Cliquez en haut \u00e0 droite du navigateur sur le pictogramme de menu (symbolis\u00e9 par un rouage). S\u00e9lectionnez Param\u00e8tres. Cliquez sur Afficher les param\u00e8tres avanc\u00e9s. Dans la section \u00ab&nbsp;Confidentialit\u00e9&nbsp;\u00bb, cliquez sur Param\u00e8tres de contenu. Dans la section \u00ab&nbsp;Cookies&nbsp;\u00bb, vous pouvez bloquer les cookies.<\/p>\n<p>Sous Chrome : Cliquez en haut \u00e0 droite du navigateur sur le pictogramme de menu (symbolis\u00e9 par trois lignes horizontales). S\u00e9lectionnez Param\u00e8tres. Cliquez sur Afficher les param\u00e8tres avanc\u00e9s. Dans la section \u00ab&nbsp;Confidentialit\u00e9&nbsp;\u00bb, cliquez sur pr\u00e9f\u00e9rences. Dans l\u2019onglet \u00ab&nbsp;Confidentialit\u00e9&nbsp;\u00bb, vous pouvez bloquer les cookies.<\/p>\n<p><span style=\"font-weight: 600; color: #4d4d4d;\">Droit applicable<\/span><\/p>\n<p>L\u2019ensemble de ce site est soumis au droit fran\u00e7ais.<\/p>\n<p><!-- \/wp:paragraph --><\/p>\t\t\t\t\t\t<\/div>\n\t\t\t\t<\/div>\n\t\t\t\t\t<\/div>\n\t\t<\/div>\n\t\t\t\t\t\t\t<\/div>\n\t\t<\/section>\n\t\t\t\t\t\t<\/div>\n\t\t\t\t\t<\/div>\n\t\t","protected":false},"excerpt":{"rendered":"<p>Informations g\u00e9n\u00e9rales Mentions d&#8217;identification Vous \u00eates actuellement connect\u00e9 au site web de l&#8217;entreprise BUROS CONSEIL (http:\/\/www.buros-conseil.fr). Pour toute remarque sur le fonctionnement du site, merci d&#8217;\u00e9crire au webmaster du site : ronan.buros@gmail.com. Ce site a pour objet de fournir des informations sur les services propos\u00e9s par BUROS CONSEIL, les informations qui y figurent n\u2019ont aucun [&hellip;]<\/p>\n","protected":false},"author":1,"featured_media":0,"parent":0,"menu_order":0,"comment_status":"closed","ping_status":"open","template":"","meta":{"om_disable_all_campaigns":false,"_monsterinsights_skip_tracking":false,"_monsterinsights_sitenote_active":false,"_monsterinsights_sitenote_note":"","_monsterinsights_sitenote_category":0,"footnotes":""},"class_list":["post-3","page","type-page","status-publish","hentry"],"_links":{"self":[{"href":"https:\/\/buros-conseil.fr\/index.php\/wp-json\/wp\/v2\/pages\/3","targetHints":{"allow":["GET"]}}],"collection":[{"href":"https:\/\/buros-conseil.fr\/index.php\/wp-json\/wp\/v2\/pages"}],"about":[{"href":"https:\/\/buros-conseil.fr\/index.php\/wp-json\/wp\/v2\/types\/page"}],"author":[{"embeddable":true,"href":"https:\/\/buros-conseil.fr\/index.php\/wp-json\/wp\/v2\/users\/1"}],"replies":[{"embeddable":true,"href":"https:\/\/buros-conseil.fr\/index.php\/wp-json\/wp\/v2\/comments?post=3"}],"version-history":[{"count":22,"href":"https:\/\/buros-conseil.fr\/index.php\/wp-json\/wp\/v2\/pages\/3\/revisions"}],"predecessor-version":[{"id":1443,"href":"https:\/\/buros-conseil.fr\/index.php\/wp-json\/wp\/v2\/pages\/3\/revisions\/1443"}],"wp:attachment":[{"href":"https:\/\/buros-conseil.fr\/index.php\/wp-json\/wp\/v2\/media?parent=3"}],"curies":[{"name":"wp","href":"https:\/\/api.w.org\/{rel}","templated":true}]}}