{"id":15,"date":"2021-11-21T15:14:41","date_gmt":"2021-11-21T15:14:41","guid":{"rendered":"http:\/\/buros-conseil.fr\/index.php\/services\/"},"modified":"2022-01-01T19:31:59","modified_gmt":"2022-01-01T19:31:59","slug":"services","status":"publish","type":"page","link":"https:\/\/buros-conseil.fr\/index.php\/services\/","title":{"rendered":"Services"},"content":{"rendered":"\t\t<div data-elementor-type=\"wp-page\" data-elementor-id=\"15\" class=\"elementor elementor-15\" data-elementor-settings=\"[]\">\n\t\t\t\t\t\t\t<div class=\"elementor-section-wrap\">\n\t\t\t\t\t\t\t<section class=\"elementor-section elementor-top-section elementor-element elementor-element-4f4bd5b elementor-section-boxed elementor-section-height-default elementor-section-height-default\" data-id=\"4f4bd5b\" data-element_type=\"section\">\n\t\t\t\t\t\t<div class=\"elementor-container elementor-column-gap-default\">\n\t\t\t\t\t<div class=\"elementor-column elementor-col-100 elementor-top-column elementor-element elementor-element-cb8a9e9\" data-id=\"cb8a9e9\" data-element_type=\"column\">\n\t\t\t<div class=\"elementor-widget-wrap elementor-element-populated\">\n\t\t\t\t\t\t\t\t<div class=\"elementor-element elementor-element-a3d5c23 elementor-widget elementor-widget-heading\" data-id=\"a3d5c23\" data-element_type=\"widget\" data-widget_type=\"heading.default\">\n\t\t\t\t<div class=\"elementor-widget-container\">\n\t\t\t<style>\/*! elementor - v3.5.3 - 28-12-2021 *\/\n.elementor-heading-title{padding:0;margin:0;line-height:1}.elementor-widget-heading .elementor-heading-title[class*=elementor-size-]>a{color:inherit;font-size:inherit;line-height:inherit}.elementor-widget-heading .elementor-heading-title.elementor-size-small{font-size:15px}.elementor-widget-heading .elementor-heading-title.elementor-size-medium{font-size:19px}.elementor-widget-heading .elementor-heading-title.elementor-size-large{font-size:29px}.elementor-widget-heading .elementor-heading-title.elementor-size-xl{font-size:39px}.elementor-widget-heading .elementor-heading-title.elementor-size-xxl{font-size:59px}<\/style><h4 class=\"elementor-heading-title elementor-size-default\">Missions de Conseil<\/h4>\t\t<\/div>\n\t\t\t\t<\/div>\n\t\t\t\t<div class=\"elementor-element elementor-element-45952dc elementor-widget elementor-widget-text-editor\" data-id=\"45952dc\" data-element_type=\"widget\" data-widget_type=\"text-editor.default\">\n\t\t\t\t<div class=\"elementor-widget-container\">\n\t\t\t<style>\/*! elementor - v3.5.3 - 28-12-2021 *\/\n.elementor-widget-text-editor.elementor-drop-cap-view-stacked .elementor-drop-cap{background-color:#818a91;color:#fff}.elementor-widget-text-editor.elementor-drop-cap-view-framed .elementor-drop-cap{color:#818a91;border:3px solid;background-color:transparent}.elementor-widget-text-editor:not(.elementor-drop-cap-view-default) .elementor-drop-cap{margin-top:8px}.elementor-widget-text-editor:not(.elementor-drop-cap-view-default) .elementor-drop-cap-letter{width:1em;height:1em}.elementor-widget-text-editor .elementor-drop-cap{float:left;text-align:center;line-height:1;font-size:50px}.elementor-widget-text-editor .elementor-drop-cap-letter{display:inline-block}<\/style>\t\t\t\t<p>R\u00e9alis\u00e9es depuis mon bureau ou sur site, les missions de conseil d\u00e9butent par la formalisation des besoins, l&#8217;\u00e9laboration d&#8217;un <em>planning<\/em> et la programmation de points d&#8217;\u00e9change r\u00e9guliers et donnent lieu \u00e0 la production de rapports d\u00e9taill\u00e9s comprenant mes analyses, recommandations et conclusions en fran\u00e7ais et\/ou en anglais.<\/p>\t\t\t\t\t\t<\/div>\n\t\t\t\t<\/div>\n\t\t\t\t<div class=\"elementor-element elementor-element-5e6fccf elementor-widget elementor-widget-heading\" data-id=\"5e6fccf\" data-element_type=\"widget\" data-widget_type=\"heading.default\">\n\t\t\t\t<div class=\"elementor-widget-container\">\n\t\t\t<h4 class=\"elementor-heading-title elementor-size-default\">Assistance technique<\/h4>\t\t<\/div>\n\t\t\t\t<\/div>\n\t\t\t\t<div class=\"elementor-element elementor-element-51106ba elementor-widget elementor-widget-text-editor\" data-id=\"51106ba\" data-element_type=\"widget\" data-widget_type=\"text-editor.default\">\n\t\t\t\t<div class=\"elementor-widget-container\">\n\t\t\t\t\t\t\t<p>J&#8217;interviens \u00e9galement sur site ou \u00e0 distance afin d&#8217;assister mes clients pour des \u00e9tudes sp\u00e9cifiques ou de renforcer ponctuellement leurs \u00e9quipes dans le cadre de leurs t\u00e2ches actuarielles r\u00e9currentes.<\/p>\t\t\t\t\t\t<\/div>\n\t\t\t\t<\/div>\n\t\t\t\t<div class=\"elementor-element elementor-element-c867744 elementor-widget elementor-widget-heading\" data-id=\"c867744\" data-element_type=\"widget\" data-widget_type=\"heading.default\">\n\t\t\t\t<div class=\"elementor-widget-container\">\n\t\t\t<h4 class=\"elementor-heading-title elementor-size-default\">Formation<\/h4>\t\t<\/div>\n\t\t\t\t<\/div>\n\t\t\t\t<div class=\"elementor-element elementor-element-79672aa elementor-widget elementor-widget-text-editor\" data-id=\"79672aa\" data-element_type=\"widget\" data-widget_type=\"text-editor.default\">\n\t\t\t\t<div class=\"elementor-widget-container\">\n\t\t\t\t\t\t\t<p>J\u2019anime des formations sur l\u2019ensemble de mes domaines d\u2019expertise (qualit\u00e9 des donn\u00e9es, tarification, construction de tables d\u2019exp\u00e9rience, Solvabilit\u00e9 2, r\u00e9assurance, cr\u00e9ation d&#8217;outils, vulgarisation actuarielle, etc.). La formation apporte le partage, le transfert de comp\u00e9tences et la p\u00e9dagogie que j&#8217;aime apporter dans mon m\u00e9tier, n&#8217;h\u00e9sitez pas \u00e0 me solliciter.<\/p>\t\t\t\t\t\t<\/div>\n\t\t\t\t<\/div>\n\t\t\t\t\t<\/div>\n\t\t<\/div>\n\t\t\t\t\t\t\t<\/div>\n\t\t<\/section>\n\t\t\t\t\t\t<\/div>\n\t\t\t\t\t<\/div>\n\t\t","protected":false},"excerpt":{"rendered":"<p>Missions de Conseil R\u00e9alis\u00e9es depuis mon bureau ou sur site, les missions de conseil d\u00e9butent par la formalisation des besoins, l&#8217;\u00e9laboration d&#8217;un planning et la programmation de points d&#8217;\u00e9change r\u00e9guliers et donnent lieu \u00e0 la production de rapports d\u00e9taill\u00e9s comprenant mes analyses, recommandations et conclusions en fran\u00e7ais et\/ou en anglais. Assistance technique J&#8217;interviens \u00e9galement sur [&hellip;]<\/p>\n","protected":false},"author":0,"featured_media":0,"parent":0,"menu_order":0,"comment_status":"closed","ping_status":"closed","template":"","meta":{"om_disable_all_campaigns":false,"_monsterinsights_skip_tracking":false,"_monsterinsights_sitenote_active":false,"_monsterinsights_sitenote_note":"","_monsterinsights_sitenote_category":0,"footnotes":""},"class_list":["post-15","page","type-page","status-publish","hentry"],"_links":{"self":[{"href":"https:\/\/buros-conseil.fr\/index.php\/wp-json\/wp\/v2\/pages\/15","targetHints":{"allow":["GET"]}}],"collection":[{"href":"https:\/\/buros-conseil.fr\/index.php\/wp-json\/wp\/v2\/pages"}],"about":[{"href":"https:\/\/buros-conseil.fr\/index.php\/wp-json\/wp\/v2\/types\/page"}],"replies":[{"embeddable":true,"href":"https:\/\/buros-conseil.fr\/index.php\/wp-json\/wp\/v2\/comments?post=15"}],"version-history":[{"count":33,"href":"https:\/\/buros-conseil.fr\/index.php\/wp-json\/wp\/v2\/pages\/15\/revisions"}],"predecessor-version":[{"id":1425,"href":"https:\/\/buros-conseil.fr\/index.php\/wp-json\/wp\/v2\/pages\/15\/revisions\/1425"}],"wp:attachment":[{"href":"https:\/\/buros-conseil.fr\/index.php\/wp-json\/wp\/v2\/media?parent=15"}],"curies":[{"name":"wp","href":"https:\/\/api.w.org\/{rel}","templated":true}]}}