{"id":14,"date":"2021-11-21T15:14:19","date_gmt":"2021-11-21T15:14:19","guid":{"rendered":"http:\/\/buros-conseil.fr\/index.php\/about\/"},"modified":"2022-01-01T19:31:12","modified_gmt":"2022-01-01T19:31:12","slug":"about","status":"publish","type":"page","link":"https:\/\/buros-conseil.fr\/index.php\/about\/","title":{"rendered":"Expertises"},"content":{"rendered":"\t\t<div data-elementor-type=\"wp-page\" data-elementor-id=\"14\" class=\"elementor elementor-14\" data-elementor-settings=\"[]\">\n\t\t\t\t\t\t\t<div class=\"elementor-section-wrap\">\n\t\t\t\t\t\t\t<section class=\"elementor-section elementor-top-section elementor-element elementor-element-67c0f9e elementor-section-boxed elementor-section-height-default elementor-section-height-default\" data-id=\"67c0f9e\" data-element_type=\"section\">\n\t\t\t\t\t\t<div class=\"elementor-container elementor-column-gap-default\">\n\t\t\t\t\t<div class=\"elementor-column elementor-col-100 elementor-top-column elementor-element elementor-element-5397eee\" data-id=\"5397eee\" data-element_type=\"column\">\n\t\t\t<div class=\"elementor-widget-wrap\">\n\t\t\t\t\t\t\t\t\t<\/div>\n\t\t<\/div>\n\t\t\t\t\t\t\t<\/div>\n\t\t<\/section>\n\t\t\t\t<section class=\"elementor-section elementor-top-section elementor-element elementor-element-7b5dc2f elementor-section-boxed elementor-section-height-default elementor-section-height-default\" data-id=\"7b5dc2f\" data-element_type=\"section\">\n\t\t\t\t\t\t<div class=\"elementor-container elementor-column-gap-default\">\n\t\t\t\t\t<div class=\"elementor-column elementor-col-100 elementor-top-column elementor-element elementor-element-0ca9e1e\" data-id=\"0ca9e1e\" data-element_type=\"column\">\n\t\t\t<div class=\"elementor-widget-wrap elementor-element-populated\">\n\t\t\t\t\t\t\t\t<div class=\"elementor-element elementor-element-804516f elementor-widget elementor-widget-heading\" data-id=\"804516f\" data-element_type=\"widget\" data-widget_type=\"heading.default\">\n\t\t\t\t<div class=\"elementor-widget-container\">\n\t\t\t<style>\/*! elementor - v3.5.3 - 28-12-2021 *\/\n.elementor-heading-title{padding:0;margin:0;line-height:1}.elementor-widget-heading .elementor-heading-title[class*=elementor-size-]>a{color:inherit;font-size:inherit;line-height:inherit}.elementor-widget-heading .elementor-heading-title.elementor-size-small{font-size:15px}.elementor-widget-heading .elementor-heading-title.elementor-size-medium{font-size:19px}.elementor-widget-heading .elementor-heading-title.elementor-size-large{font-size:29px}.elementor-widget-heading .elementor-heading-title.elementor-size-xl{font-size:39px}.elementor-widget-heading .elementor-heading-title.elementor-size-xxl{font-size:59px}<\/style><h4 class=\"elementor-heading-title elementor-size-default\">Projets actuariels<\/h4>\t\t<\/div>\n\t\t\t\t<\/div>\n\t\t\t\t<div class=\"elementor-element elementor-element-2bf7f8b elementor-widget elementor-widget-text-editor\" data-id=\"2bf7f8b\" data-element_type=\"widget\" data-widget_type=\"text-editor.default\">\n\t\t\t\t<div class=\"elementor-widget-container\">\n\t\t\t<style>\/*! elementor - v3.5.3 - 28-12-2021 *\/\n.elementor-widget-text-editor.elementor-drop-cap-view-stacked .elementor-drop-cap{background-color:#818a91;color:#fff}.elementor-widget-text-editor.elementor-drop-cap-view-framed .elementor-drop-cap{color:#818a91;border:3px solid;background-color:transparent}.elementor-widget-text-editor:not(.elementor-drop-cap-view-default) .elementor-drop-cap{margin-top:8px}.elementor-widget-text-editor:not(.elementor-drop-cap-view-default) .elementor-drop-cap-letter{width:1em;height:1em}.elementor-widget-text-editor .elementor-drop-cap{float:left;text-align:center;line-height:1;font-size:50px}.elementor-widget-text-editor .elementor-drop-cap-letter{display:inline-block}<\/style>\t\t\t\t<p>Piloter ou accompagner vos projets de gestion des risques ou de mod\u00e9lisation en lien avec les m\u00e9tiers actuariels (qualit\u00e9 des donn\u00e9es, mise en place d&#8217;outils actuariels, d\u00e9veloppement de nouveaux produits, etc.).<\/p>\t\t\t\t\t\t<\/div>\n\t\t\t\t<\/div>\n\t\t\t\t<div class=\"elementor-element elementor-element-0574c02 elementor-widget elementor-widget-heading\" data-id=\"0574c02\" data-element_type=\"widget\" data-widget_type=\"heading.default\">\n\t\t\t\t<div class=\"elementor-widget-container\">\n\t\t\t<h4 class=\"elementor-heading-title elementor-size-default\">Conformit\u00e9 r\u00e9glementaire<\/h4>\t\t<\/div>\n\t\t\t\t<\/div>\n\t\t\t\t<div class=\"elementor-element elementor-element-0550f5f elementor-widget elementor-widget-text-editor\" data-id=\"0550f5f\" data-element_type=\"widget\" data-widget_type=\"text-editor.default\">\n\t\t\t\t<div class=\"elementor-widget-container\">\n\t\t\t\t\t\t\t<p>Accompagner \u00e0 la mise en place de vos dossiers d&#8217;agr\u00e9ment aupr\u00e8s de l&#8217;ACPR et vous assister dans vos r\u00e9flexions sur les sujets actuariels de r\u00e8glementation prudentielle.<\/p>\t\t\t\t\t\t<\/div>\n\t\t\t\t<\/div>\n\t\t\t\t<div class=\"elementor-element elementor-element-84a0d45 elementor-widget elementor-widget-heading\" data-id=\"84a0d45\" data-element_type=\"widget\" data-widget_type=\"heading.default\">\n\t\t\t\t<div class=\"elementor-widget-container\">\n\t\t\t<h4 class=\"elementor-heading-title elementor-size-default\">Tarification<\/h4>\t\t<\/div>\n\t\t\t\t<\/div>\n\t\t\t\t<div class=\"elementor-element elementor-element-ef6a9ff elementor-widget elementor-widget-text-editor\" data-id=\"ef6a9ff\" data-element_type=\"widget\" data-widget_type=\"text-editor.default\">\n\t\t\t\t<div class=\"elementor-widget-container\">\n\t\t\t\t\t\t\t<p>Vous assister dans l&#8217;analyse de votre processus de souscription et dans la mise en place ou la validation de vos tarifs.<\/p>\n<ul>\n<li>Tarification IARD : utiliser diff\u00e9rentes m\u00e9thodes (r\u00e9gression, GLM, etc.) pour affiner la segmentation de vos risques automobile, multirisque habitation, responsabilit\u00e9 civile et autres, et le tarif correspondant ;<\/li>\n<li>Tarification des produits frais de sant\u00e9 : ajuster vos tarifs d&#8217;apr\u00e8s votre exp\u00e9rience de sinistralit\u00e9 et vous accompagner dans l&#8217;\u00e9volution de votre offre ;<\/li>\n<li>Tarification des produits pr\u00e9voyance : vous accompagner dans l&#8217;\u00e9laboration du tarif de vos produits d\u2019assurance D\u00e9c\u00e8s\/Arr\u00eat de Travail (Invalidit\u00e9\/Incapacit\u00e9), tant individuelle que collective (salari\u00e9s du secteur priv\u00e9 et agents des collectivit\u00e9s territoriales) ;<\/li>\n<li>Tarification des produits d\u00e9pendance : vous aider dans l&#8217;\u00e9laboration du tarif et le pilotage d&#8217;un risque complexe ;<\/li>\n<li>Audit du processus de tarification : contr\u00f4ler un outil de tarification, valider le respect de la gouvernance du processus de tarification, la conformit\u00e9 \u00e0 la politique de souscription ;<\/li>\n<li>Revue des processus de souscription : accompagner \u00e0 la r\u00e9daction de la politique de souscription, contr\u00f4ler sa mise en oeuvre aupr\u00e8s des collaborateurs, d\u00e9finir des proc\u00e9dures op\u00e9rationnelles (mise en place d&#8217;indicateurs), \u00e9mettre des recommandations dans le cadre de la fonction actuarielle ;<\/li>\n<li>R\u00e9alisation d&#8217;une \u00e9tude comparative : apporter une expertise de comparaison concernant les conditions g\u00e9n\u00e9rales de vos produits d&#8217;assurance et la tarification propos\u00e9e ;<\/li>\n<li>Calibrage en assurance-vie\/\u00e9pargne : proposer des outils de projection et de simulation (notamment des G\u00e9n\u00e9rateurs de Sc\u00e9narios \u00c9conomiques) propres \u00e0 vos produits d&#8217;assurance-vie, eurocroissance, retraite, etc.<\/li>\n<\/ul>\t\t\t\t\t\t<\/div>\n\t\t\t\t<\/div>\n\t\t\t\t<div class=\"elementor-element elementor-element-eaaad25 elementor-widget elementor-widget-heading\" data-id=\"eaaad25\" data-element_type=\"widget\" data-widget_type=\"heading.default\">\n\t\t\t\t<div class=\"elementor-widget-container\">\n\t\t\t<h4 class=\"elementor-heading-title elementor-size-default\">\u00c9volution de votre offre produits<\/h4>\t\t<\/div>\n\t\t\t\t<\/div>\n\t\t\t\t<div class=\"elementor-element elementor-element-b6dded0 elementor-widget elementor-widget-text-editor\" data-id=\"b6dded0\" data-element_type=\"widget\" data-widget_type=\"text-editor.default\">\n\t\t\t\t<div class=\"elementor-widget-container\">\n\t\t\t\t\t\t\t<ul>\n<li>Assurer le suivi technique : assurer le suivi de la rentabilit\u00e9 et la connaissance du profil de risques, mettre en place des indicateurs et \u00e9valuer leurs \u00e9volutions, assurer la coh\u00e9rence entre la strat\u00e9gie valid\u00e9e par les administrateurs et la r\u00e9alit\u00e9 ;<\/li>\n<li>D\u00e9velopper votre activit\u00e9 en optimisant votre positionnement, processus de gestion, etc. ;<\/li>\n<li>\u00c9tudier la mise en place d&#8217;un nouveau produit type eurocroissance ;<\/li>\n<li>\u00c9tudier les opportunit\u00e9s de nouvelles offres d\u2019assurance comme les offres \u00ab famille \u00bb et les Nouveaux V\u00e9hicules \u00c9lectriques Individuels ;<\/li>\n<li>Appr\u00e9hender les sujets d&#8217;actualit\u00e9 :&nbsp; transition climatique, impacts du COVID.<\/li>\n<\/ul>\t\t\t\t\t\t<\/div>\n\t\t\t\t<\/div>\n\t\t\t\t<div class=\"elementor-element elementor-element-3032c23 elementor-widget elementor-widget-heading\" data-id=\"3032c23\" data-element_type=\"widget\" data-widget_type=\"heading.default\">\n\t\t\t\t<div class=\"elementor-widget-container\">\n\t\t\t<h4 class=\"elementor-heading-title elementor-size-default\">Tables d'exp\u00e9rience<\/h4>\t\t<\/div>\n\t\t\t\t<\/div>\n\t\t\t\t<div class=\"elementor-element elementor-element-78128d3 elementor-widget elementor-widget-text-editor\" data-id=\"78128d3\" data-element_type=\"widget\" data-widget_type=\"text-editor.default\">\n\t\t\t\t<div class=\"elementor-widget-container\">\n\t\t\t\t\t\t\t<p>Construire ou contr\u00f4ler la construction des lois de comportement de vos assur\u00e9s (mortalit\u00e9, survenance, maintien en arr\u00eat de travail, entr\u00e9e et maintien en d\u00e9pendance, rachat) en appuyant sur la qualit\u00e9 et le retraitement des donn\u00e9es, les techniques d&#8217;\u00e9laboration des tables et le <em>backtesting<\/em>, r\u00e9diger le rapport de construction permettant de justifier la loi obtenue.<\/p>\t\t\t\t\t\t<\/div>\n\t\t\t\t<\/div>\n\t\t\t\t<div class=\"elementor-element elementor-element-aa4b21c elementor-widget elementor-widget-heading\" data-id=\"aa4b21c\" data-element_type=\"widget\" data-widget_type=\"heading.default\">\n\t\t\t\t<div class=\"elementor-widget-container\">\n\t\t\t<h4 class=\"elementor-heading-title elementor-size-default\">Revue des programmes de r\u00e9assurance<\/h4>\t\t<\/div>\n\t\t\t\t<\/div>\n\t\t\t\t<div class=\"elementor-element elementor-element-c0294c5 elementor-widget elementor-widget-text-editor\" data-id=\"c0294c5\" data-element_type=\"widget\" data-widget_type=\"text-editor.default\">\n\t\t\t\t<div class=\"elementor-widget-container\">\n\t\t\t\t\t\t\t<p>Analyser vos programmes de r\u00e9assurance (revue des caract\u00e9ristiques des trait\u00e9s, comparaison au march\u00e9) et appr\u00e9cier leur pertinence au regard de vos besoins afin de vous apporter un outil de protection et d&#8217;optimisation de vos fonds propres et de votre solvabilit\u00e9 adapt\u00e9.<\/p>\t\t\t\t\t\t<\/div>\n\t\t\t\t<\/div>\n\t\t\t\t<div class=\"elementor-element elementor-element-36bea5f elementor-widget elementor-widget-heading\" data-id=\"36bea5f\" data-element_type=\"widget\" data-widget_type=\"heading.default\">\n\t\t\t\t<div class=\"elementor-widget-container\">\n\t\t\t<h4 class=\"elementor-heading-title elementor-size-default\">Inventaire<\/h4>\t\t<\/div>\n\t\t\t\t<\/div>\n\t\t\t\t<div class=\"elementor-element elementor-element-ad371a1 elementor-widget elementor-widget-text-editor\" data-id=\"ad371a1\" data-element_type=\"widget\" data-widget_type=\"text-editor.default\">\n\t\t\t\t<div class=\"elementor-widget-container\">\n\t\t\t\t\t\t\t<p>Superviser des travaux d&#8217;inventaires, d\u00e9velopper des outils de calculs.<\/p><ul><li>R\u00e9alisation des comptes techniques et r\u00e9daction du rapport technique : r\u00e9aliser ou contr\u00f4ler le calcul des provisions, vous accompagner dans la r\u00e9alisation du rapport technique en garantissant la documentation des calculs et l&#8217;appr\u00e9ciation de l&#8217;\u00e9volution des r\u00e9sultats ;<\/li><li>Etablissement du <em>Best Estimate<\/em> : estimer le montant des provisions <em>via<\/em> l&#8217;analyse de vos engagements, le contr\u00f4le des donn\u00e9es, le choix des m\u00e9thodes et des param\u00e8tres de calcul, l&#8217;analyse des r\u00e9sultats et r\u00e9diger les notes m\u00e9thodologiques dans le respect de la r\u00e8glementation ;<\/li><li>Revue du processus d&#8217;inventaire : contr\u00f4ler vos outils au travers de comparaisons des r\u00e9sultats avec ceux issus de mes propres outils et de ma connaissance des langages de d\u00e9veloppement (SAS, R, VBA, etc.),\u00a0contr\u00f4ler la documentation du processus, identifier les responsabilit\u00e9s, les risques et les contr\u00f4les en place, optimiser et s\u00e9curiser le processus<\/li><\/ul>\t\t\t\t\t\t<\/div>\n\t\t\t\t<\/div>\n\t\t\t\t<div class=\"elementor-element elementor-element-21df21b elementor-widget elementor-widget-heading\" data-id=\"21df21b\" data-element_type=\"widget\" data-widget_type=\"heading.default\">\n\t\t\t\t<div class=\"elementor-widget-container\">\n\t\t\t<h4 class=\"elementor-heading-title elementor-size-default\">Solvabilit\u00e9 2<\/h4>\t\t<\/div>\n\t\t\t\t<\/div>\n\t\t\t\t<div class=\"elementor-element elementor-element-92c4521 elementor-widget elementor-widget-text-editor\" data-id=\"92c4521\" data-element_type=\"widget\" data-widget_type=\"text-editor.default\">\n\t\t\t\t<div class=\"elementor-widget-container\">\n\t\t\t\t\t\t\t<div><strong>Pilier 1<\/strong><\/div><ul><li>Vous assister dans l&#8217;ensemble du calcul des\u00a0<em>best estimate<\/em> (qualit\u00e9 des donn\u00e9es, choix des hypoth\u00e8ses, interactions actif\/passif, etc.) ;<\/li><li>Etablir un bilan prudentiel ;<\/li><li>R\u00e9aliser un \u00e9tat de passage des fonds propres S1 aux fonds propres S2 ;<\/li><li>R\u00e9aliser ou auditer les calculs de SCR, de ratio de solvabilit\u00e9, optimiser les processus ;<\/li><li>Vous assister dans la mise en place du dossier USP aupr\u00e8s de l&#8217;ACPR.<\/li><\/ul>\t\t\t\t\t\t<\/div>\n\t\t\t\t<\/div>\n\t\t\t\t<div class=\"elementor-element elementor-element-6a4ba79 elementor-widget elementor-widget-text-editor\" data-id=\"6a4ba79\" data-element_type=\"widget\" data-widget_type=\"text-editor.default\">\n\t\t\t\t<div class=\"elementor-widget-container\">\n\t\t\t\t\t\t\t<div><strong>Pilier 2<\/strong><\/div><ul><li>Auditer les provisions techniques et r\u00e9diger le rapport actuariel ;<\/li><li>Examiner l&#8217;ad\u00e9quation de la formule standard avec votre profil de risque et apporter une analyse critique sur les hypoth\u00e8ses et m\u00e9thodes employ\u00e9es ;<\/li><li>R\u00e9aliser ou auditer l&#8217;ensemble des travaux ORSA : \u00e9tablissement du\u00a0<em>business plan<\/em>, projections des bilans, de la marge de solvabilit\u00e9 et de sa couverture, r\u00e9daction du rapport ORSA, documentation du processus ;<\/li><li>D\u00e9finir l&#8217;app\u00e9tence au risque, la d\u00e9cliner en limites de risque et tol\u00e9rances, concevoir des m\u00e9thodes d&#8217;\u00e9valuation du besoin global de solvabilit\u00e9 adapt\u00e9es \u00e0 l&#8217;activit\u00e9 ;<\/li><li>Vous aider \u00e0 optimiser la marge de solvabilit\u00e9 (cession de portefeuilles en <em>run-off<\/em>, allocation d&#8217;actifs, r\u00e9assurance, \u00e9mission de titres) ;<\/li><li>Am\u00e9liorer votre gouvernance en mati\u00e8re de qualit\u00e9 des donn\u00e9es\u00a0 (r\u00e9daction d&#8217;une politique \u00e9crite, d&#8217;un dictionnaire de donn\u00e9es, cartographie des flux de donn\u00e9es, \u00e9valuation des risques, mise en place de contr\u00f4les et d&#8217;indicateurs de qualit\u00e9) ;<\/li><li>Etablir une cartographie des risques et d\u00e9finir des \u00e9l\u00e9ments de contribution \u00e0 la gestion des risques, r\u00e9diger la politique de gestion des risques et accompagner \u00e0 sa mise en pratique\u00a0 (organisation, fonctions cl\u00e9s, gouvernance) ;<\/li><li>R\u00e9diger les politiques \u00e9crites li\u00e9es \u00e0 la gouvernance et contribuer \u00e0 leurs mises en oeuvre.<\/li><\/ul>\t\t\t\t\t\t<\/div>\n\t\t\t\t<\/div>\n\t\t\t\t<div class=\"elementor-element elementor-element-7946574 elementor-widget elementor-widget-text-editor\" data-id=\"7946574\" data-element_type=\"widget\" data-widget_type=\"text-editor.default\">\n\t\t\t\t<div class=\"elementor-widget-container\">\n\t\t\t\t\t\t\t<div><strong>Pilier 3<\/strong><\/div><ul><li>Etablir les \u00e9tats r\u00e9glementaires prudentiels QRT ;<\/li><li>\u00a0Vous accompagner dans la mise en oeuvre de l&#8217;industrialisation de vos proc\u00e9dures ;<\/li><li>R\u00e9diger les rapports narratifs, SFCR et RSR.<\/li><\/ul>\t\t\t\t\t\t<\/div>\n\t\t\t\t<\/div>\n\t\t\t\t<div class=\"elementor-element elementor-element-91068e1 elementor-widget elementor-widget-heading\" data-id=\"91068e1\" data-element_type=\"widget\" data-widget_type=\"heading.default\">\n\t\t\t\t<div class=\"elementor-widget-container\">\n\t\t\t<h4 class=\"elementor-heading-title elementor-size-default\">IFRS 17<\/h4>\t\t<\/div>\n\t\t\t\t<\/div>\n\t\t\t\t<div class=\"elementor-element elementor-element-384e8e5 elementor-widget elementor-widget-text-editor\" data-id=\"384e8e5\" data-element_type=\"widget\" data-widget_type=\"text-editor.default\">\n\t\t\t\t<div class=\"elementor-widget-container\">\n\t\t\t\t\t\t\t<p>Vous accompagner sur les diff\u00e9rents chantiers IFRS 17.<\/p><ul><li>Interpr\u00e9tations normatives et granularit\u00e9 ;<\/li><li>M\u00e9thodologies et \u00e9tudes d&#8217;impacts ;<\/li><li>D\u00e9veloppement des modules de calcul des provisions (<em>CSM<\/em>, <em>Fullfilment Cash Flows<\/em>) ;<\/li><li>Mise en place des analyses de mouvements ;<\/li><li>Simulation des comptes de r\u00e9sultats et bilans, des calculs infra-annuels ;<\/li><li>Ma\u00eetrise de la volatilit\u00e9 en lien avec la norme IFRS 9 ;<\/li><li>Publications financi\u00e8res.<\/li><\/ul>\t\t\t\t\t\t<\/div>\n\t\t\t\t<\/div>\n\t\t\t\t<div class=\"elementor-element elementor-element-a714985 elementor-widget elementor-widget-heading\" data-id=\"a714985\" data-element_type=\"widget\" data-widget_type=\"heading.default\">\n\t\t\t\t<div class=\"elementor-widget-container\">\n\t\t\t<h4 class=\"elementor-heading-title elementor-size-default\">Gestion actif\/passif<\/h4>\t\t<\/div>\n\t\t\t\t<\/div>\n\t\t\t\t<div class=\"elementor-element elementor-element-89a9d41 elementor-widget elementor-widget-text-editor\" data-id=\"89a9d41\" data-element_type=\"widget\" data-widget_type=\"text-editor.default\">\n\t\t\t\t<div class=\"elementor-widget-container\">\n\t\t\t\t\t\t\t<p>Proposer une analyse critique des positions prises par la direction financi\u00e8re et s\u2019assurer que les orientations strat\u00e9giques d\u00e9finies pour l\u2019allocation d\u2019actifs sont adapt\u00e9es aux engagements, aux risques de march\u00e9s et conformes aux principes de prudence et de contr\u00f4le interne d\u00e9finis par Solvabilit\u00e9 2.<\/p>\t\t\t\t\t\t<\/div>\n\t\t\t\t<\/div>\n\t\t\t\t<div class=\"elementor-element elementor-element-1d43b40 elementor-widget elementor-widget-heading\" data-id=\"1d43b40\" data-element_type=\"widget\" data-widget_type=\"heading.default\">\n\t\t\t\t<div class=\"elementor-widget-container\">\n\t\t\t<h4 class=\"elementor-heading-title elementor-size-default\">Transformation num\u00e9rique<\/h4>\t\t<\/div>\n\t\t\t\t<\/div>\n\t\t\t\t<div class=\"elementor-element elementor-element-129d203 elementor-widget elementor-widget-text-editor\" data-id=\"129d203\" data-element_type=\"widget\" data-widget_type=\"text-editor.default\">\n\t\t\t\t<div class=\"elementor-widget-container\">\n\t\t\t\t\t\t\t<ul><li>Utiliser les techniques actuarielles pr\u00e9dictives de <em>data science<\/em> pour mieux : tarifer, suivre les risques, identifier les comportements ;<\/li><li>Optimiser les processus m\u00e9tiers actuariat et gestion des risques.<\/li><\/ul>\t\t\t\t\t\t<\/div>\n\t\t\t\t<\/div>\n\t\t\t\t<div class=\"elementor-element elementor-element-230d456 elementor-widget elementor-widget-heading\" data-id=\"230d456\" data-element_type=\"widget\" data-widget_type=\"heading.default\">\n\t\t\t\t<div class=\"elementor-widget-container\">\n\t\t\t<h4 class=\"elementor-heading-title elementor-size-default\">Formations<\/h4>\t\t<\/div>\n\t\t\t\t<\/div>\n\t\t\t\t<div class=\"elementor-element elementor-element-859c7e5 elementor-widget elementor-widget-text-editor\" data-id=\"859c7e5\" data-element_type=\"widget\" data-widget_type=\"text-editor.default\">\n\t\t\t\t<div class=\"elementor-widget-container\">\n\t\t\t\t\t\t\t<p>Proposer des formations adapt\u00e9es pour tous les niveaux, par th\u00e8me, par exemple :<\/p><ul><li>Assurances : pr\u00e9sentation de l&#8217;assurance vie et de l&#8217;assurance non-vie, r\u00e8glementation, etc. ;<\/li><li>Solvabilit\u00e9 2 : les 3 piliers, ORSA, gouvernance, fonctions cl\u00e9s ;<\/li><li>Techniques actuarielles : m\u00e9thodes de tarification, m\u00e9thodes de provisionnement, construction de tables d&#8217;exp\u00e9rience, etc.<\/li><\/ul><p>ou sur mesure en fonction de vos besoins.<\/p>\t\t\t\t\t\t<\/div>\n\t\t\t\t<\/div>\n\t\t\t\t\t<\/div>\n\t\t<\/div>\n\t\t\t\t\t\t\t<\/div>\n\t\t<\/section>\n\t\t\t\t\t\t<\/div>\n\t\t\t\t\t<\/div>\n\t\t","protected":false},"excerpt":{"rendered":"<p>Projets actuariels Piloter ou accompagner vos projets de gestion des risques ou de mod\u00e9lisation en lien avec les m\u00e9tiers actuariels (qualit\u00e9 des donn\u00e9es, mise en place d&#8217;outils actuariels, d\u00e9veloppement de nouveaux produits, etc.). Conformit\u00e9 r\u00e9glementaire Accompagner \u00e0 la mise en place de vos dossiers d&#8217;agr\u00e9ment aupr\u00e8s de l&#8217;ACPR et vous assister dans vos r\u00e9flexions sur [&hellip;]<\/p>\n","protected":false},"author":1,"featured_media":0,"parent":0,"menu_order":0,"comment_status":"closed","ping_status":"closed","template":"","meta":{"om_disable_all_campaigns":false,"_monsterinsights_skip_tracking":false,"_monsterinsights_sitenote_active":false,"_monsterinsights_sitenote_note":"","_monsterinsights_sitenote_category":0,"footnotes":""},"class_list":["post-14","page","type-page","status-publish","hentry"],"_links":{"self":[{"href":"https:\/\/buros-conseil.fr\/index.php\/wp-json\/wp\/v2\/pages\/14","targetHints":{"allow":["GET"]}}],"collection":[{"href":"https:\/\/buros-conseil.fr\/index.php\/wp-json\/wp\/v2\/pages"}],"about":[{"href":"https:\/\/buros-conseil.fr\/index.php\/wp-json\/wp\/v2\/types\/page"}],"author":[{"embeddable":true,"href":"https:\/\/buros-conseil.fr\/index.php\/wp-json\/wp\/v2\/users\/1"}],"replies":[{"embeddable":true,"href":"https:\/\/buros-conseil.fr\/index.php\/wp-json\/wp\/v2\/comments?post=14"}],"version-history":[{"count":70,"href":"https:\/\/buros-conseil.fr\/index.php\/wp-json\/wp\/v2\/pages\/14\/revisions"}],"predecessor-version":[{"id":1422,"href":"https:\/\/buros-conseil.fr\/index.php\/wp-json\/wp\/v2\/pages\/14\/revisions\/1422"}],"wp:attachment":[{"href":"https:\/\/buros-conseil.fr\/index.php\/wp-json\/wp\/v2\/media?parent=14"}],"curies":[{"name":"wp","href":"https:\/\/api.w.org\/{rel}","templated":true}]}}