{"id":1204,"date":"2021-12-31T14:48:29","date_gmt":"2021-12-31T14:48:29","guid":{"rendered":"https:\/\/buros-conseil.fr\/?page_id=1204"},"modified":"2023-03-28T21:37:23","modified_gmt":"2023-03-28T21:37:23","slug":"qui-suis-je","status":"publish","type":"page","link":"https:\/\/buros-conseil.fr\/","title":{"rendered":"Qui suis-je ?"},"content":{"rendered":"\t\t<div data-elementor-type=\"wp-page\" data-elementor-id=\"1204\" class=\"elementor elementor-1204\" data-elementor-settings=\"[]\">\n\t\t\t\t\t\t\t<div class=\"elementor-section-wrap\">\n\t\t\t\t\t\t\t<section class=\"elementor-section elementor-top-section elementor-element elementor-element-a782731 elementor-section-boxed elementor-section-height-default elementor-section-height-default\" data-id=\"a782731\" data-element_type=\"section\">\n\t\t\t\t\t\t<div class=\"elementor-container elementor-column-gap-default\">\n\t\t\t\t\t<div class=\"elementor-column elementor-col-100 elementor-top-column elementor-element elementor-element-768c762\" data-id=\"768c762\" data-element_type=\"column\">\n\t\t\t<div class=\"elementor-widget-wrap elementor-element-populated\">\n\t\t\t\t\t\t\t\t<div class=\"elementor-element elementor-element-c15fef4 elementor-position-top elementor-vertical-align-top elementor-widget elementor-widget-image-box\" data-id=\"c15fef4\" data-element_type=\"widget\" data-widget_type=\"image-box.default\">\n\t\t\t\t<div class=\"elementor-widget-container\">\n\t\t\t<style>\/*! elementor - v3.5.3 - 28-12-2021 *\/\n.elementor-widget-image-box .elementor-image-box-content{width:100%}@media (min-width:768px){.elementor-widget-image-box.elementor-position-left .elementor-image-box-wrapper,.elementor-widget-image-box.elementor-position-right .elementor-image-box-wrapper{display:-webkit-box;display:-ms-flexbox;display:flex}.elementor-widget-image-box.elementor-position-right .elementor-image-box-wrapper{text-align:right;-webkit-box-orient:horizontal;-webkit-box-direction:reverse;-ms-flex-direction:row-reverse;flex-direction:row-reverse}.elementor-widget-image-box.elementor-position-left .elementor-image-box-wrapper{text-align:left;-webkit-box-orient:horizontal;-webkit-box-direction:normal;-ms-flex-direction:row;flex-direction:row}.elementor-widget-image-box.elementor-position-top .elementor-image-box-img{margin:auto}.elementor-widget-image-box.elementor-vertical-align-top .elementor-image-box-wrapper{-webkit-box-align:start;-ms-flex-align:start;align-items:flex-start}.elementor-widget-image-box.elementor-vertical-align-middle .elementor-image-box-wrapper{-webkit-box-align:center;-ms-flex-align:center;align-items:center}.elementor-widget-image-box.elementor-vertical-align-bottom .elementor-image-box-wrapper{-webkit-box-align:end;-ms-flex-align:end;align-items:flex-end}}@media (max-width:767px){.elementor-widget-image-box .elementor-image-box-img{margin-left:auto!important;margin-right:auto!important;margin-bottom:15px}}.elementor-widget-image-box .elementor-image-box-img{display:inline-block}.elementor-widget-image-box .elementor-image-box-title a{color:inherit}.elementor-widget-image-box .elementor-image-box-wrapper{text-align:center}.elementor-widget-image-box .elementor-image-box-description{margin:0}<\/style><div class=\"elementor-image-box-wrapper\"><figure class=\"elementor-image-box-img\"><img loading=\"lazy\" decoding=\"async\" width=\"761\" height=\"107\" src=\"https:\/\/buros-conseil.fr\/wp-content\/uploads\/2021\/12\/Capture-de\u0301cran-2021-12-31-a\u0300-15.17.40-2.png\" class=\"attachment-full size-full\" alt=\"\" \/><\/figure><div class=\"elementor-image-box-content\"><p class=\"elementor-image-box-description\"><br>Depuis 2021, BUROS CONSEIL accompagne des compagnies d\u2019assurance et de r\u00e9assurance, mutuelles, instituts de pr\u00e9voyance, banques et entreprises dans la gestion de leurs risques, qualitatifs et quantitatifs, la r\u00e9alisation de leurs projets et sur l'ensemble des lignes m\u00e9tiers actuarielles.<br>\nElle apporte son expertise dans les diff\u00e9rents domaines de l'actuariat et offre des solutions claires et personnalis\u00e9es \u00e0 ses clients.<br>\nL'engagement, la rigueur, l'innovation, la p\u00e9dagogie et la bienveillance sont au coeur de chacune de ses propositions.<\/p><\/div><\/div>\t\t<\/div>\n\t\t\t\t<\/div>\n\t\t\t\t<div class=\"elementor-element elementor-element-0b0f354 elementor-widget elementor-widget-spacer\" data-id=\"0b0f354\" data-element_type=\"widget\" data-widget_type=\"spacer.default\">\n\t\t\t\t<div class=\"elementor-widget-container\">\n\t\t\t\t\t<div class=\"elementor-spacer\">\n\t\t\t<div class=\"elementor-spacer-inner\"><\/div>\n\t\t<\/div>\n\t\t\t\t<\/div>\n\t\t\t\t<\/div>\n\t\t\t\t<div class=\"elementor-element elementor-element-18a8e79 elementor-position-top elementor-vertical-align-top elementor-widget elementor-widget-image-box\" data-id=\"18a8e79\" data-element_type=\"widget\" data-widget_type=\"image-box.default\">\n\t\t\t\t<div class=\"elementor-widget-container\">\n\t\t\t<div class=\"elementor-image-box-wrapper\"><figure class=\"elementor-image-box-img\"><img loading=\"lazy\" decoding=\"async\" width=\"2192\" height=\"2560\" src=\"https:\/\/buros-conseil.fr\/wp-content\/uploads\/2023\/03\/photoRB-1-scaled.jpg\" class=\"attachment-full size-full\" alt=\"\" \/><\/figure><div class=\"elementor-image-box-content\"><h4 class=\"elementor-image-box-title\">Ronan BUROS<\/h4><p class=\"elementor-image-box-description\">Actuaire certifi\u00e9 de l'Institut des Actuaires et fort de 9 ann\u00e9es d'exp\u00e9rience,<br>j'ai acquis mon expertise aux travers de diff\u00e9rentes fonctions pour <br>la soci\u00e9t\u00e9 de conseil Optimind Winter puis les groupes BNP Paribas Cardif et MACIF<br>avant de cr\u00e9er l'entreprise BUROS CONSEIL.<\/p><\/div><\/div>\t\t<\/div>\n\t\t\t\t<\/div>\n\t\t\t\t\t<\/div>\n\t\t<\/div>\n\t\t\t\t\t\t\t<\/div>\n\t\t<\/section>\n\t\t\t\t\t\t<\/div>\n\t\t\t\t\t<\/div>\n\t\t","protected":false},"excerpt":{"rendered":"<p>Depuis 2021, BUROS CONSEIL accompagne des compagnies d\u2019assurance et de r\u00e9assurance, mutuelles, instituts de pr\u00e9voyance, banques et entreprises dans la gestion de leurs risques, qualitatifs et quantitatifs, la r\u00e9alisation de leurs projets et sur l&#8217;ensemble des lignes m\u00e9tiers actuarielles. Elle apporte son expertise dans les diff\u00e9rents domaines de l&#8217;actuariat et offre des solutions claires et [&hellip;]<\/p>\n","protected":false},"author":1,"featured_media":0,"parent":0,"menu_order":0,"comment_status":"closed","ping_status":"closed","template":"","meta":{"om_disable_all_campaigns":false,"_monsterinsights_skip_tracking":false,"_monsterinsights_sitenote_active":false,"_monsterinsights_sitenote_note":"","_monsterinsights_sitenote_category":0,"footnotes":""},"class_list":["post-1204","page","type-page","status-publish","hentry"],"_links":{"self":[{"href":"https:\/\/buros-conseil.fr\/index.php\/wp-json\/wp\/v2\/pages\/1204","targetHints":{"allow":["GET"]}}],"collection":[{"href":"https:\/\/buros-conseil.fr\/index.php\/wp-json\/wp\/v2\/pages"}],"about":[{"href":"https:\/\/buros-conseil.fr\/index.php\/wp-json\/wp\/v2\/types\/page"}],"author":[{"embeddable":true,"href":"https:\/\/buros-conseil.fr\/index.php\/wp-json\/wp\/v2\/users\/1"}],"replies":[{"embeddable":true,"href":"https:\/\/buros-conseil.fr\/index.php\/wp-json\/wp\/v2\/comments?post=1204"}],"version-history":[{"count":40,"href":"https:\/\/buros-conseil.fr\/index.php\/wp-json\/wp\/v2\/pages\/1204\/revisions"}],"predecessor-version":[{"id":1440,"href":"https:\/\/buros-conseil.fr\/index.php\/wp-json\/wp\/v2\/pages\/1204\/revisions\/1440"}],"wp:attachment":[{"href":"https:\/\/buros-conseil.fr\/index.php\/wp-json\/wp\/v2\/media?parent=1204"}],"curies":[{"name":"wp","href":"https:\/\/api.w.org\/{rel}","templated":true}]}}